{"id":42,"date":"2026-03-10T20:29:24","date_gmt":"2026-03-10T19:29:24","guid":{"rendered":"http:\/\/192.168.1.248\/wordpress\/?page_id=42"},"modified":"2026-04-17T17:44:36","modified_gmt":"2026-04-17T17:44:36","slug":"posterunki","status":"publish","type":"page","link":"https:\/\/kolejgornicza.pl\/index.php\/posterunki\/","title":{"rendered":"Posterunki"},"content":{"rendered":"\n<div class=\"wp-block-group has-accent-6-background-color has-background has-global-padding is-layout-constrained wp-block-group-is-layout-constrained\" style=\"margin-top:0;margin-bottom:0\">\n<p class=\"has-text-align-center is-style-text-subtitle is-style-text-subtitle--1\">Posterunki na sieci KWB Konin<\/p>\n<\/div>\n\n\n\n<div class=\"wp-block-group has-global-padding is-layout-constrained wp-block-group-is-layout-constrained\">\n<div class=\"wp-block-group is-layout-grid wp-container-core-group-is-layout-9306e7b4 wp-block-group-is-layout-grid\" style=\"margin-top:var(--wp--preset--spacing--20);margin-bottom:var(--wp--preset--spacing--20);padding-right:0;padding-left:0\">\n<div class=\"wp-block-uagb-container post_1 pomoc uagb-layout-flex uagb-block-c857717a default uagb-is-root-container\">\n<p class=\"has-text-align-center\">B\u0142onawy<\/p>\n<a class=\"spectra-container-link-overlay\" rel=\"noopener\" target=\"_blank\" href=\"http:\/\/kolejgornicza.pl\/\"> <\/a><\/div>\n\n\n\n<div class=\"wp-block-uagb-container post_1 pomoc uagb-layout-flex uagb-block-4bbfc1e2 default uagb-is-root-container\">\n<p class=\"has-text-align-center\">Bochlewo<\/p>\n<a class=\"spectra-container-link-overlay\" rel=\"noopener\" target=\"_blank\" href=\"http:\/\/kolejgornicza.pl\/\"> <\/a><\/div>\n\n\n\n<div class=\"wp-block-uagb-container post_1 pomoc uagb-layout-flex uagb-block-d941a56c default uagb-is-root-container\">\n<p class=\"has-text-align-center\">Cukrownia<\/p>\n<a class=\"spectra-container-link-overlay\" rel=\"noopener\" target=\"_blank\" href=\"http:\/\/kolejgornicza.pl\/\"> <\/a><\/div>\n<\/div>\n\n\n\n<div class=\"wp-block-group is-layout-grid wp-container-core-group-is-layout-9306e7b4 wp-block-group-is-layout-grid\" style=\"margin-top:var(--wp--preset--spacing--20);margin-bottom:var(--wp--preset--spacing--20);padding-right:0;padding-left:0\">\n<div class=\"wp-block-uagb-container post_1 pomoc uagb-layout-flex uagb-block-9097659b default uagb-is-root-container\">\n<p class=\"has-text-align-center\">Drzewce<\/p>\n<a class=\"spectra-container-link-overlay\" rel=\"noopener\" target=\"_blank\" href=\"http:\/\/kolejgornicza.pl\/\"> <\/a><\/div>\n\n\n\n<div class=\"wp-block-uagb-container post_1 pomoc uagb-layout-flex uagb-block-dafe5a33 default uagb-is-root-container\">\n<p class=\"has-text-align-center\">Estakada w\u0119glowa<\/p>\n<a class=\"spectra-container-link-overlay\" rel=\"noopener\" target=\"_blank\" href=\"http:\/\/kolejgornicza.pl\/\"> <\/a><\/div>\n\n\n\n<div class=\"wp-block-uagb-container post_1 pomoc uagb-layout-flex uagb-block-90c63c39 default uagb-is-root-container\">\n<p class=\"has-text-align-center\">Estakada Wsch\u00f3d<\/p>\n<a class=\"spectra-container-link-overlay\" rel=\"noopener\" target=\"_blank\" href=\"http:\/\/kolejgornicza.pl\/\"> <\/a><\/div>\n<\/div>\n\n\n\n<div class=\"wp-block-group is-layout-grid wp-container-core-group-is-layout-9306e7b4 wp-block-group-is-layout-grid\" style=\"margin-top:var(--wp--preset--spacing--20);margin-bottom:var(--wp--preset--spacing--20);padding-right:0;padding-left:0\">\n<div class=\"wp-block-uagb-container post_1 pomoc uagb-layout-flex uagb-block-4062a5d7 default uagb-is-root-container\">\n<p class=\"has-text-align-center\">Estakada Zach\u00f3d<\/p>\n<a class=\"spectra-container-link-overlay\" rel=\"noopener\" target=\"_blank\" href=\"http:\/\/kolejgornicza.pl\/\"> <\/a><\/div>\n\n\n\n<div class=\"wp-block-uagb-container post_1 pomoc uagb-layout-flex uagb-block-7700a345 default uagb-is-root-container\">\n<p class=\"has-text-align-center\">Jan\u00f3w Rozdzielcza<\/p>\n<a class=\"spectra-container-link-overlay\" rel=\"noopener\" target=\"_blank\" href=\"http:\/\/kolejgornicza.pl\/\"> <\/a><\/div>\n\n\n\n<div class=\"wp-block-uagb-container post_1 pomoc uagb-layout-flex uagb-block-054a970b default uagb-is-root-container\">\n<p class=\"has-text-align-center\">J\u00f3\u017awin W\u0119glowa<\/p>\n<a class=\"spectra-container-link-overlay\" rel=\"noopener\" target=\"_blank\" href=\"http:\/\/kolejgornicza.pl\/\"> <\/a><\/div>\n\n\n\n<div class=\"wp-block-uagb-container post_1 pomoc uagb-layout-flex uagb-block-5faa6361 default uagb-is-root-container\">\n<p class=\"has-text-align-center\">Kazimierz W\u0119glowa<\/p>\n<a class=\"spectra-container-link-overlay\" rel=\"noopener\" target=\"_blank\" href=\"http:\/\/kolejgornicza.pl\/\"> <\/a><\/div>\n\n\n\n<div class=\"wp-block-uagb-container post_1 pomoc uagb-layout-flex uagb-block-5c4f06d7 default uagb-is-root-container\">\n<p class=\"has-text-align-center\">Lubst\u00f3w<\/p>\n<a class=\"spectra-container-link-overlay\" rel=\"noopener\" target=\"_blank\" href=\"http:\/\/kolejgornicza.pl\/\"> <\/a><\/div>\n\n\n\n<div class=\"wp-block-uagb-container post_1 pomoc uagb-layout-flex uagb-block-951fd6f3 default uagb-is-root-container\">\n<p class=\"has-text-align-center\">P\u0105tn\u00f3w W\u0119glowa<\/p>\n<a class=\"spectra-container-link-overlay\" rel=\"noopener\" target=\"_blank\" href=\"http:\/\/kolejgornicza.pl\/\"> <\/a><\/div>\n<\/div>\n\n\n\n<div class=\"wp-block-group is-layout-grid wp-container-core-group-is-layout-9306e7b4 wp-block-group-is-layout-grid\" style=\"margin-top:var(--wp--preset--spacing--20);margin-bottom:var(--wp--preset--spacing--20);padding-right:0;padding-left:0\">\n<div class=\"wp-block-uagb-container post_1 pomoc uagb-layout-flex uagb-block-8f85099c default uagb-is-root-container\">\n<p class=\"has-text-align-center\">Przesmyk Gaj<\/p>\n<a class=\"spectra-container-link-overlay\" rel=\"noopener\" target=\"_blank\" href=\"http:\/\/kolejgornicza.pl\/\"> <\/a><\/div>\n\n\n\n<div class=\"wp-block-uagb-container post_1 uagb-layout-flex uagb-block-7a37f6b8 default uagb-is-root-container\">\n<p class=\"has-text-align-center\">Skiby<\/p>\n<a class=\"spectra-container-link-overlay\" rel=\"noopener\" target=\"_blank\" href=\"http:\/\/kolejgornicza.pl\/\"> <\/a><\/div>\n\n\n\n<div class=\"wp-block-uagb-container post_1 pomoc uagb-layout-flex uagb-block-0bf6f8b8 default uagb-is-root-container\">\n<p class=\"has-text-align-center\">Zbiornik<\/p>\n<a class=\"spectra-container-link-overlay\" rel=\"noopener\" target=\"_blank\" href=\"http:\/\/kolejgornicza.pl\/\"> <\/a><\/div>\n<\/div>\n\n\n\n<div class=\"wp-block-group is-layout-grid wp-container-core-group-is-layout-9306e7b4 wp-block-group-is-layout-grid\" style=\"margin-top:var(--wp--preset--spacing--20);margin-bottom:var(--wp--preset--spacing--20);padding-right:0;padding-left:0\">\n<div class=\"wp-block-uagb-container post_brak brak_danych uagb-layout-flex uagb-block-e41bd03b default uagb-is-root-container\">\n<p class=\"has-text-align-center\">Brykietownia<\/p>\n<\/div>\n\n\n\n<div class=\"wp-block-uagb-container post_1 pomoc uagb-layout-flex uagb-block-6893d450 default uagb-is-root-container\">\n<p class=\"has-text-align-center\">Wygoda<\/p>\n<a class=\"spectra-container-link-overlay\" rel=\"noopener\" target=\"_blank\" href=\"http:\/\/kolejgornicza.pl\/\"> <\/a><\/div>\n<\/div>\n<\/div>\n\n\n\n<div class=\"wp-block-group has-accent-6-background-color has-background has-global-padding is-layout-constrained wp-block-group-is-layout-constrained\" style=\"margin-top:var(--wp--preset--spacing--30);margin-bottom:var(--wp--preset--spacing--30)\">\n<p class=\"has-text-align-center is-style-text-subtitle is-style-text-subtitle--2\">Posterunki na sieci PKP<\/p>\n<\/div>\n\n\n\n<div class=\"wp-block-group has-global-padding is-layout-constrained wp-block-group-is-layout-constrained\">\n<div class=\"wp-block-group is-layout-grid wp-container-core-group-is-layout-9306e7b4 wp-block-group-is-layout-grid\" style=\"margin-top:var(--wp--preset--spacing--20);margin-bottom:var(--wp--preset--spacing--20);padding-right:0;padding-left:0\">\n<div class=\"wp-block-uagb-container post_1 pomoc uagb-layout-flex uagb-block-1c3b8b71 default uagb-is-root-container\">\n<p class=\"has-text-align-center\">Kazimierz Biskupi <\/p>\n<a class=\"spectra-container-link-overlay\" rel=\"noopener\" target=\"_blank\" href=\"http:\/\/kolejgornicza.pl\/\"> <\/a><\/div>\n\n\n\n<div class=\"wp-block-uagb-container post_1 uagb-layout-flex uagb-block-3e09560e default uagb-is-root-container\">\n<p class=\"has-text-align-center\">Konin Elektrownia podg.<\/p>\n<a class=\"spectra-container-link-overlay\" rel=\"noopener\" target=\"_blank\" href=\"http:\/\/kolejgornicza.pl\/\"> <\/a><\/div>\n\n\n\n<div class=\"wp-block-uagb-container post_1 pomoc uagb-layout-flex uagb-block-7e482c80 default uagb-is-root-container\">\n<p class=\"has-text-align-center\">Maliniec <\/p>\n<a class=\"spectra-container-link-overlay\" rel=\"noopener\" target=\"_blank\" href=\"http:\/\/kolejgornicza.pl\/\"> <\/a><\/div>\n<\/div>\n\n\n\n<div class=\"wp-block-group is-layout-grid wp-container-core-group-is-layout-9306e7b4 wp-block-group-is-layout-grid\" style=\"margin-top:var(--wp--preset--spacing--20);margin-bottom:var(--wp--preset--spacing--20);padding-right:0;padding-left:0\">\n<div class=\"wp-block-uagb-container post_1 pomoc uagb-layout-flex uagb-block-7ba01396 default uagb-is-root-container\">\n<p class=\"has-text-align-center\">P\u0105tn\u00f3w<\/p>\n<a class=\"spectra-container-link-overlay\" rel=\"noopener\" target=\"_blank\" href=\"http:\/\/kolejgornicza.pl\/\"> <\/a><\/div>\n<\/div>\n<\/div>\n\n\n\n<div class=\"wp-block-group has-accent-6-background-color has-background has-global-padding is-layout-constrained wp-block-group-is-layout-constrained\" style=\"margin-top:var(--wp--preset--spacing--30);margin-bottom:var(--wp--preset--spacing--30)\">\n<p class=\"has-text-align-center is-style-text-subtitle is-style-text-subtitle--3\">Posterunki na sieci KWB Adam\u00f3w<\/p>\n<\/div>\n\n\n\n<div class=\"wp-block-group has-global-padding is-layout-constrained wp-block-group-is-layout-constrained\">\n<div class=\"wp-block-group is-layout-grid wp-container-core-group-is-layout-9306e7b4 wp-block-group-is-layout-grid\" style=\"margin-top:var(--wp--preset--spacing--20);margin-bottom:var(--wp--preset--spacing--20);padding-right:0;padding-left:0\">\n<div class=\"wp-block-uagb-container post_brak brak_danych uagb-layout-flex uagb-block-91d2d8c5 default uagb-is-root-container\">\n<p class=\"has-text-align-center\">Adam\u00f3w<\/p>\n<a class=\"spectra-container-link-overlay\" rel=\"noopener\" target=\"_blank\" href=\"http:\/\/kolejgornicza.pl\/\"> <\/a><\/div>\n\n\n\n<div class=\"wp-block-uagb-container post_brak brak_danych uagb-layout-flex uagb-block-da089434 default uagb-is-root-container\">\n<p class=\"has-text-align-center\">Bogda\u0142\u00f3w<\/p>\n<a class=\"spectra-container-link-overlay\" rel=\"noopener\" target=\"_blank\" href=\"http:\/\/kolejgornicza.pl\/\"> <\/a><\/div>\n\n\n\n<div class=\"wp-block-uagb-container post_1 post_brak brak_danych uagb-layout-flex uagb-block-373da0a6 default uagb-is-root-container\">\n<p class=\"has-text-align-center\">Galew<\/p>\n<a class=\"spectra-container-link-overlay\" rel=\"noopener\" target=\"_blank\" href=\"http:\/\/kolejgornicza.pl\/\"> <\/a><\/div>\n<\/div>\n\n\n\n<div class=\"wp-block-group is-layout-grid wp-container-core-group-is-layout-9306e7b4 wp-block-group-is-layout-grid\" style=\"margin-top:var(--wp--preset--spacing--20);margin-bottom:var(--wp--preset--spacing--20);padding-right:0;padding-left:0\">\n<div class=\"wp-block-uagb-container post_1 post_brak brak_danych uagb-layout-flex uagb-block-2c057b3a default uagb-is-root-container\">\n<p class=\"has-text-align-center\">Ignacew<\/p>\n<a class=\"spectra-container-link-overlay\" rel=\"noopener\" target=\"_blank\" href=\"http:\/\/kolejgornicza.pl\/\"> <\/a><\/div>\n\n\n\n<div class=\"wp-block-uagb-container post_1 post_brak brak_danych uagb-layout-flex uagb-block-cc1ebecb default uagb-is-root-container\">\n<p class=\"has-text-align-center\">Elektrownia<br>(turek)<\/p>\n<a class=\"spectra-container-link-overlay\" rel=\"noopener\" target=\"_blank\" href=\"http:\/\/kolejgornicza.pl\/\"> <\/a><\/div>\n\n\n\n<div class=\"wp-block-uagb-container post_1 post_brak brak_danych uagb-layout-flex uagb-block-7bd93634 default uagb-is-root-container\">\n<p class=\"has-text-align-center\">Warenka<\/p>\n<a class=\"spectra-container-link-overlay\" rel=\"noopener\" target=\"_blank\" href=\"http:\/\/kolejgornicza.pl\/\"> <\/a><\/div>\n<\/div>\n\n\n\n<div class=\"wp-block-group is-layout-grid wp-container-core-group-is-layout-9306e7b4 wp-block-group-is-layout-grid\" style=\"margin-top:var(--wp--preset--spacing--20);margin-bottom:var(--wp--preset--spacing--20);padding-right:0;padding-left:0\">\n<div class=\"wp-block-uagb-container post_1 post_brak brak_danych uagb-layout-flex uagb-block-3764e984 default uagb-is-root-container\">\n<p class=\"has-text-align-center\">W\u0142adys\u0142aw\u00f3w<\/p>\n<a class=\"spectra-container-link-overlay\" rel=\"noopener\" target=\"_blank\" href=\"http:\/\/kolejgornicza.pl\/\"> <\/a><\/div>\n\n\n\n<div class=\"wp-block-uagb-container post_1 post_brak brak_danych uagb-layout-flex uagb-block-19290fb9 default uagb-is-root-container\">\n<p class=\"has-text-align-center\">Zak\u0142adowa<\/p>\n<a class=\"spectra-container-link-overlay\" rel=\"noopener\" target=\"_blank\" href=\"http:\/\/kolejgornicza.pl\/\"> <\/a><\/div>\n<\/div>\n<\/div>\n\n\n\n<p><\/p>\n","protected":false},"excerpt":{"rendered":"<p>Posterunki na sieci KWB Konin B\u0142onawy Bochlewo Cukrownia Drzewce Estakada w\u0119glowa Estakada Wsch\u00f3d Estakada Zach\u00f3d Jan\u00f3w Rozdzielcza J\u00f3\u017awin W\u0119glowa Kazimierz W\u0119glowa Lubst\u00f3w P\u0105tn\u00f3w W\u0119glowa Przesmyk Gaj Skiby Zbiornik Brykietownia Wygoda Posterunki na sieci PKP Kazimierz Biskupi Konin Elektrownia podg. Maliniec P\u0105tn\u00f3w Posterunki na sieci KWB Adam\u00f3w Adam\u00f3w Bogda\u0142\u00f3w Galew Ignacew Elektrownia(turek) Warenka W\u0142adys\u0142aw\u00f3w Zak\u0142adowa<\/p>\n","protected":false},"author":1,"featured_media":0,"parent":0,"menu_order":0,"comment_status":"closed","ping_status":"closed","template":"","meta":{"inline_featured_image":false,"_uag_custom_page_level_css":"\/* G\u0142\u00f3wne ustawienia kontenera - zachowujemy kwadrat i p\u0142ynno\u015b\u0107 dla transformacji *\/\n.post_1 {\n    display: flex !important;\n    width: 100% !important;\n    aspect-ratio: 1 \/ 1 !important;\n    position: relative !important;\n    overflow: hidden !important;\n    text-decoration: none !important;\n    \/* Czas dla ewentualnych innych efekt\u00f3w (np. scale), r\u00f3wnie\u017c 0.3s *\/\n    transition: transform 0.3s ease-in-out !important;\n}\n\n\/* Animacja dla nak\u0142adek - SZYBSZY CZAS (0.3s) *\/\n.post_1 .uagb-container__overlay,\n.post_1 .uagb-container__background-overlay,\n.post_1 [class*=\"overlay\"],\n.post_1::before {\n    \/* Zmieniono z 0.5s na 0.3s dla szybszego efektu *\/\n    transition: opacity 0.3s ease-in-out !important;\n    \/* Nie wymuszamy opacity: 1, \u017ceby zachowa\u0107 szaro\u015b\u0107 z edytora *\/\n}\n\n\/* EFEKT HOVER - zerujemy widoczno\u015b\u0107 *\/\n.post_1:hover .uagb-container__overlay,\n.post_1:hover .uagb-container__background-overlay,\n.post_1:hover [class*=\"overlay\"],\n.post_1:hover::before {\n    opacity: 0 !important;\n}\n\n\n\n.pomoc, \n.pomoc *, \n.pomoc p, \n.pomoc span {\n    color: #000000 !important;\n    transition: color 0.5s ease-in-out !important;\n    background-color: transparent !important;\n}\n\n\/* Efekt po najechaniu *\/\n.pomoc:hover, \n.moj-lista-item:hover *,\n.pomoc:hover p, \n.pomoc:hover span {\n    color: #ffffff !important;\n}\n\n\n\n\n\n\n\/* 1. Definicja mrugania: Szary  Czerwony *\/\n@keyframes mruganiePrawdziwe {\n    0%, 100% { background-color: rgba(0, 0, 0, 0.4); }\n    50% { background-color: rgba(255, 0, 0, 0.6); }\n}\n\n\/* 2. Kontener g\u0142\u00f3wny - wymuszamy widoczno\u015b\u0107 zdj\u0119cia *\/\n.post_brak {\n    position: relative !important;\n    display: flex !important;\n    overflow: hidden !important;\n    aspect-ratio: 1 \/ 1 !important;\n}\n\n\/* 3. WYMUSZAMY, BY ZDJ\u0118CIE NIGDY NIE ZNIKA\u0141O *\/\n.post_brak:hover img, \n.post_brak:hover [class*=\"image\"], \n.post_brak:hover [class*=\"background\"] {\n    opacity: 1 !important;\n    visibility: visible !important;\n}\n\n\/* 4. CHOWAMY ORYGINALN\u0104 NAK\u0141ADK\u0118 WTYCZKI (\u017ceby nie przeszkadza\u0142a) *\/\n.post_brak:hover .uagb-container__overlay,\n.post_brak:hover [class*=\"overlay\"] {\n    display: none !important;\n}\n\n\/* 5. TWORZYMY W\u0141ASN\u0104 NAK\u0141ADK\u0118 (Pseudo-element ::after) *\/\n\/* Ta warstwa pojawi si\u0119 NAD zdj\u0119ciem i b\u0119dzie mruga\u0107 *\/\n.post_brak::after {\n    content: \"\";\n    position: absolute;\n    top: 0;\n    left: 0;\n    width: 100%;\n    height: 100%;\n    background-color: rgba(0, 0, 0, 0.4); \/* Stan pocz\u0105tkowy: szary *\/\n    z-index: 999; \/* Musi by\u0107 na samej g\u00f3rze *\/\n    opacity: 0;\n    transition: opacity 0.3s ease;\n    pointer-events: none; \/* \u017beby nie blokowa\u0142a klikni\u0119cia w link *\/\n}\n\n\/* 6. AKTYWACJA MRUGANIA PO NAJECHANIU *\/\n.post_brak:hover::after {\n    opacity: 1;\n    animation: mruganiePrawdziwe 2s infinite ease-in-out !important;\n}\n\n\n\n\n\n\n\n\n\/* G\u0141\u00d3WNY KONTENER *\/\n.brak_danych {\n    position: relative;\n    cursor: default;\n    overflow: hidden; \/* Zapobiega wystawaniu dymka poza kraw\u0119dzie *\/\n}\n\n\/* WSZYSTKIE TEKSTY WEWN\u0104TRZ (np. Brykietownia) *\/\n.brak_danych, \n.brak_danych *, \n.brak_danych p, \n.brak_danych span {\n    color: #000000 !important;\n    transition: color 0.5s ease-in-out !important;\n    position: relative; \/* Wa\u017cne dla z-index *\/\n    z-index: 10; \/* Tekst musi by\u0107 nad dymkiem, \u017ceby nie mruga\u0142 *\/\n}\n\n\/* ZMIANA KOLORU NA BIA\u0141Y *\/\n.brak_danych:hover, \n.brak_danych:hover *,\n.brak_danych:hover p, \n.brak_danych:hover span {\n    color: #ffffff !important;\n}\n\n\/* DYMEK \"BRAK DANYCH\" (T\u0141O I NAPIS) *\/\n.brak_danych::after {\n    content: \"Brak danych\";\n    position: absolute;\n    top: 0;\n    left: 0;\n    right: 0;\n    bottom: 0;\n    \n    display: flex;\n    justify-content: center;\n    align-items: center; \n    \n    \/* Pozycjonowanie napisu *\/\n    padding-top: 45px; \/* Dopasuj, \u017ceby nie nachodzi\u0142o na ikon\u0119\/tekst *\/\n    font-size: 18px; \n    font-weight: bold;\n    color: white;\n    \n    \/* Wygl\u0105d t\u0142a *\/\n    background-color: rgba(0, 0, 0, 0.7);\n    \n    \/* KLUCZ DO BRAKU MRUGANIA *\/\n    z-index: 5; \/* Dymek jest POD tekstami, ale NAD t\u0142em kontenera *\/\n    pointer-events: none; \/* Myszka go ignoruje i widzi tylko kontener\/tekst *\/\n    \n    \/* Animacja *\/\n    opacity: 0;\n    transition: opacity 0.5s ease-in-out;\n    border-radius: inherit;\n}\n\n\/* POKAZANIE DYMKA *\/\n.brak_danych:hover::after {\n    opacity: 1;\n}\n\n\n\n\n\n\/* Klasa pomocr - startowa (czarny tekst) *\/\n.pomocr, \n.pomocr *, \n.pomocr p, \n.pomocr span {\n    color: #000000 !important;\n    background-color: transparent !important;\n    transition: color 0.5s ease-in-out !important;\n}\n\n\/* Klasa pomocr - po najechaniu (czerwony tekst) *\/\n.pomocr:hover, \n.pomocr:hover *,\n.pomocr:hover p, \n.pomocr:hover span {\n    color: #ff0000 !important; \/* Czysty czerwony kolor *\/\n}","footnotes":""},"class_list":["post-42","page","type-page","status-publish","hentry"],"uagb_featured_image_src":{"full":false,"thumbnail":false,"medium":false,"medium_large":false,"large":false,"RoboGalleryMansoryImagesCenter":false,"RoboGalleryPreload":false,"1536x1536":false,"2048x2048":false},"uagb_author_info":{"display_name":"admin","author_link":"https:\/\/kolejgornicza.pl\/index.php\/author\/admin\/"},"uagb_comment_info":0,"uagb_excerpt":"Posterunki na sieci KWB Konin B\u0142onawy Bochlewo Cukrownia Drzewce Estakada w\u0119glowa Estakada Wsch\u00f3d Estakada Zach\u00f3d Jan\u00f3w Rozdzielcza J\u00f3\u017awin W\u0119glowa Kazimierz W\u0119glowa Lubst\u00f3w P\u0105tn\u00f3w W\u0119glowa Przesmyk Gaj Skiby Zbiornik Brykietownia Wygoda Posterunki na sieci PKP Kazimierz Biskupi Konin Elektrownia podg. Maliniec P\u0105tn\u00f3w Posterunki na sieci KWB Adam\u00f3w Adam\u00f3w Bogda\u0142\u00f3w Galew Ignacew Elektrownia(turek) Warenka W\u0142adys\u0142aw\u00f3w Zak\u0142adowa","_links":{"self":[{"href":"https:\/\/kolejgornicza.pl\/index.php\/wp-json\/wp\/v2\/pages\/42","targetHints":{"allow":["GET"]}}],"collection":[{"href":"https:\/\/kolejgornicza.pl\/index.php\/wp-json\/wp\/v2\/pages"}],"about":[{"href":"https:\/\/kolejgornicza.pl\/index.php\/wp-json\/wp\/v2\/types\/page"}],"author":[{"embeddable":true,"href":"https:\/\/kolejgornicza.pl\/index.php\/wp-json\/wp\/v2\/users\/1"}],"replies":[{"embeddable":true,"href":"https:\/\/kolejgornicza.pl\/index.php\/wp-json\/wp\/v2\/comments?post=42"}],"version-history":[{"count":3,"href":"https:\/\/kolejgornicza.pl\/index.php\/wp-json\/wp\/v2\/pages\/42\/revisions"}],"predecessor-version":[{"id":634,"href":"https:\/\/kolejgornicza.pl\/index.php\/wp-json\/wp\/v2\/pages\/42\/revisions\/634"}],"wp:attachment":[{"href":"https:\/\/kolejgornicza.pl\/index.php\/wp-json\/wp\/v2\/media?parent=42"}],"curies":[{"name":"wp","href":"https:\/\/api.w.org\/{rel}","templated":true}]}}